{"id":9,"date":"2016-01-29T10:14:02","date_gmt":"2016-01-29T10:14:02","guid":{"rendered":"https:\/\/domoscurinanco.cl\/index.php\/news\/"},"modified":"2026-04-16T04:53:35","modified_gmt":"2026-04-16T04:53:35","slug":"precios","status":"publish","type":"page","link":"https:\/\/domoscurinanco.cl\/index.php\/precios\/","title":{"rendered":"Tarifas"},"content":{"rendered":"<div class=\"wpb-content-wrapper\"><p>[vc_row][vc_column][vc_separator color=\u00bbwhite\u00bb border_width=\u00bb10&#8243; css=\u00bb\u00bb][vc_message message_box_style=\u00bbsolid\u00bb style=\u00bbround\u00bb message_box_color=\u00bbsuccess\u00bb icon_fontawesome=\u00bbfa fa-solid fa-money-bill-1-wave\u00bb css=\u00bb\u00bb]<\/p>\n<h2 style=\"text-align: center;\"><span style=\"color: #ffffff;\">VALORES POR NOCHE<\/span><\/h2>\n<p>[\/vc_message][\/vc_column][\/vc_row][vc_row][vc_column width=\u00bb1\/2&#8243;][vc_message message_box_style=\u00bbsolid-icon\u00bb style=\u00bbsquare\u00bb icon_fontawesome=\u00bbfa fa-solid fa-cloud\u00bb css=\u00bb\u00bb]<\/p>\n<h2 style=\"text-align: center;\" data-path-to-node=\"4\"><b data-path-to-node=\"4\" data-index-in-node=\"0\">Temporada Baja<\/b><\/h2>\n<p style=\"text-align: center;\"><em>(No incluye tinaja)<\/em><\/p>\n<p style=\"text-align: center;\" data-path-to-node=\"5\"><span style=\"color: #339966;\"><b data-path-to-node=\"5\" data-index-in-node=\"0\">(21 de marzo \u2013 21 de diciembre 2026)<\/b><\/span><\/p>\n<p style=\"text-align: center;\" data-path-to-node=\"6,0,0\"><b data-path-to-node=\"6,0,0\" data-index-in-node=\"0\">2 personas:<\/b> $90.000<\/p>\n<p style=\"text-align: center;\" data-path-to-node=\"6,1,0\"><b data-path-to-node=\"6,1,0\" data-index-in-node=\"0\">3 personas:<\/b> $100.000<\/p>\n<p style=\"text-align: center;\" data-path-to-node=\"6,2,0\"><b data-path-to-node=\"6,2,0\" data-index-in-node=\"0\">4 personas:<\/b> $110.000<\/p>\n<p style=\"text-align: center;\" data-path-to-node=\"6,3,0\"><b data-path-to-node=\"6,3,0\" data-index-in-node=\"0\">5 personas:<\/b> $120.000<\/p>\n<p style=\"text-align: center;\" data-path-to-node=\"6,4,0\"><b data-path-to-node=\"6,4,0\" data-index-in-node=\"0\">6 personas:<\/b> $130.000<\/p>\n<p style=\"text-align: center;\" data-path-to-node=\"6,5,0\"><b data-path-to-node=\"6,5,0\" data-index-in-node=\"0\">8 personas:<\/b> $150.000<\/p>\n<p style=\"text-align: center;\" data-path-to-node=\"6,5,0\"><em>Valores incluyen IVA<\/em><\/p>\n<p>[\/vc_message][\/vc_column][vc_column width=\u00bb1\/2&#8243;][vc_message message_box_style=\u00bbsolid-icon\u00bb icon_fontawesome=\u00bbfa fa-solid fa-sun\u00bb css=\u00bb\u00bb]<\/p>\n<h2 style=\"text-align: center;\" data-path-to-node=\"8\"><b data-path-to-node=\"8\" data-index-in-node=\"0\">Temporada Alta<br \/>\n<\/b><\/h2>\n<p style=\"text-align: center;\"><em>(No incluye tinaja)<\/em><\/p>\n<p style=\"text-align: center;\" data-path-to-node=\"9\"><span style=\"color: #008080;\"><b data-path-to-node=\"9\" data-index-in-node=\"0\">(21 de diciembre \u2013 21 de marzo 2027)<\/b><\/span><\/p>\n<p style=\"text-align: center;\" data-path-to-node=\"10,0,0\"><b data-path-to-node=\"10,0,0\" data-index-in-node=\"0\">2 personas:<\/b> $110.000<\/p>\n<p style=\"text-align: center;\" data-path-to-node=\"10,1,0\"><b data-path-to-node=\"10,1,0\" data-index-in-node=\"0\">3 personas:<\/b> $120.000<\/p>\n<p style=\"text-align: center;\" data-path-to-node=\"10,2,0\"><b data-path-to-node=\"10,2,0\" data-index-in-node=\"0\">4 personas:<\/b> $130.000<\/p>\n<p style=\"text-align: center;\" data-path-to-node=\"10,3,0\"><b data-path-to-node=\"10,3,0\" data-index-in-node=\"0\">5 personas:<\/b> $140.000<\/p>\n<p style=\"text-align: center;\" data-path-to-node=\"10,4,0\"><b data-path-to-node=\"10,4,0\" data-index-in-node=\"0\">6 personas:<\/b> $150.000<\/p>\n<p style=\"text-align: center;\" data-path-to-node=\"10,5,0\"><b data-path-to-node=\"10,5,0\" data-index-in-node=\"0\">8 personas:<\/b> $170.000<\/p>\n<p style=\"text-align: center;\" data-path-to-node=\"10,5,0\"><em>Valores incluyen IVA<\/em><\/p>\n<p>[\/vc_message][\/vc_column][\/vc_row][vc_row][vc_column width=\u00bb1\/2&#8243;][vc_message message_box_style=\u00bbsolid-icon\u00bb style=\u00bbsquare\u00bb icon_fontawesome=\u00bbfa fa-brands fa-gripfire\u00bb css=\u00bb\u00bb]<\/p>\n<h2 style=\"text-align: center;\" data-path-to-node=\"8\"><b data-path-to-node=\"8\" data-index-in-node=\"0\">TINAJAS CALIENTES<br \/>\n<\/b><\/h2>\n<p style=\"text-align: center;\"><strong>$45.000<\/strong><\/p>\n<p style=\"text-align: center;\"><em>Valores incluyen IVA<\/em><\/p>\n<p>[\/vc_message][\/vc_column][vc_column width=\u00bb1\/2&#8243;][vc_message message_box_style=\u00bbsolid-icon\u00bb icon_fontawesome=\u00bbfa fa-solid fa-bowl-food\u00bb css=\u00bb\u00bb]<\/p>\n<h2 style=\"text-align: center;\" data-path-to-node=\"8\"><b data-path-to-node=\"8\" data-index-in-node=\"0\">Quincho para eventos<br \/>\n<\/b><\/h2>\n<p style=\"text-align: center;\" data-path-to-node=\"10,5,0\"><b>$45.000<\/b><\/p>\n<p style=\"text-align: center;\" data-path-to-node=\"10,5,0\"><em>Valores incluyen IVA<\/em><\/p>\n<p>[\/vc_message][\/vc_column][\/vc_row][vc_row][vc_column][vc_message icon_fontawesome=\u00bbfa fa-solid fa-building-columns\u00bb css=\u00bb\u00bb]<\/p>\n<h3>CONDICIONES PARA RESERVAR<\/h3>\n<p>Para reservar el cliente de realizar un abono del 50% a nuestra cuenta corriente de empresa, as\u00ed usted y nosotros nos aseguramos de su real estad\u00eda.<\/p>\n<p>El resto se cancela entrando al domo.<\/p>\n<div>\n<ul>\n<li><strong>Nombre: Turismo Curi\u00f1anco SpA<\/strong><\/li>\n<li dir=\"auto\"><strong>Entidad Bancaria: Banco de Chile<\/strong><\/li>\n<li dir=\"auto\"><strong>N\u00b0 Cuenta Corriente: 2503329703<\/strong><\/li>\n<li dir=\"auto\"><strong>RUT: 77.697.457-9<\/strong><\/li>\n<li dir=\"auto\"><strong>E-Mail: <a href=\"mailto:domoscurinanco@gmail.com\" target=\"_blank\" rel=\"noopener\">domoscurinanco@gmail.com<\/a><\/strong><\/li>\n<\/ul>\n<\/div>\n<p>[\/vc_message][vc_message color=\u00bbwarning\u00bb message_box_style=\u00bbsolid-icon\u00bb style=\u00bbround\u00bb message_box_color=\u00bbwarning\u00bb icon_fontawesome=\u00bb\u00bb css=\u00bb\u00bb]No se realizan devoluciones de dinero, pero si postergaciones en caso de no poder asistir por motivos de fuerza mayor y previo aviso de 2 semanas. (postergaci\u00f3n sujeto a disponibilidad y 6 meses de prorroga m\u00e1ximo dentro dentro de la temporada correspondiente al valor).[\/vc_message][vc_message message_box_style=\u00bbsolid-icon\u00bb style=\u00bbround\u00bb message_box_color=\u00bbwarning\u00bb icon_fontawesome=\u00bbfa fa-solid fa-f\u00bb css=\u00bb\u00bb]Fin de semana arrendamos m\u00ednimo 2 noches[\/vc_message][vc_message message_box_style=\u00bbsolid-icon\u00bb style=\u00bbround\u00bb message_box_color=\u00bbwarning\u00bb icon_fontawesome=\u00bbfa fa-solid fa-people-group\u00bb css=\u00bb\u00bb]Se pueden realizar precios especiales por mas de 7 d\u00edas de alojamiento, o por grupos grande que ocupen mas de 2 domos minimo 2 noches[\/vc_message][vc_message message_box_style=\u00bbsolid-icon\u00bb style=\u00bbround\u00bb message_box_color=\u00bbwarning\u00bb icon_fontawesome=\u00bbfa fa-solid fa-user-clock\u00bb css=\u00bb\u00bb]El Late check-out tiene un valor de $6.000 por hora y visitas por el d\u00eda $5.000 por persona[\/vc_message][vc_message message_box_style=\u00bbsolid-icon\u00bb message_box_color=\u00bbsuccess\u00bb icon_fontawesome=\u00bbfa fa-solid fa-cash-register\u00bb css=\u00bb\u00bb]<\/p>\n<h3>METODOS DE PAGO<\/h3>\n<p>Efectivo &#8211; D\u00f3lares &#8211; Euros &#8211; Tarjetas de cr\u00e9dito y d\u00e9bito &#8211; Paypal &#8211; Wester Union &#8211; Mercado Pago &#8211; AIRBNB y Transferencia extranjeras a trav\u00e9s de codigo SWIFT<\/p>\n<p style=\"text-align: center;\">\u00a0 <a href=\"https:\/\/www.webpay.cl\/form-pay\/130708\" target=\"_blank\" rel=\"noopener\"><img loading=\"lazy\" decoding=\"async\" class=\"alignnone wp-image-2039 \" src=\"https:\/\/domoscurinanco.cl\/wp-content\/uploads\/2026\/03\/webpay-fittex.png\" alt=\"\" width=\"210\" height=\"65\" srcset=\"https:\/\/domoscurinanco.cl\/wp-content\/uploads\/2026\/03\/webpay-fittex.png 837w, https:\/\/domoscurinanco.cl\/wp-content\/uploads\/2026\/03\/webpay-fittex-300x93.png 300w, https:\/\/domoscurinanco.cl\/wp-content\/uploads\/2026\/03\/webpay-fittex-768x238.png 768w\" sizes=\"auto, (max-width: 210px) 100vw, 210px\" \/><\/a> \u00a0 \u00a0\u00a0 <img loading=\"lazy\" decoding=\"async\" class=\"alignnone wp-image-2040\" src=\"https:\/\/domoscurinanco.cl\/wp-content\/uploads\/2026\/03\/icon-256x256-1.png\" alt=\"\" width=\"68\" height=\"68\" srcset=\"https:\/\/domoscurinanco.cl\/wp-content\/uploads\/2026\/03\/icon-256x256-1.png 256w, https:\/\/domoscurinanco.cl\/wp-content\/uploads\/2026\/03\/icon-256x256-1-150x150.png 150w\" sizes=\"auto, (max-width: 68px) 100vw, 68px\" \/> .\u00a0 <a href=\"https:\/\/paypal.me\/katorivers\" target=\"_blank\" rel=\"noopener\"><img loading=\"lazy\" decoding=\"async\" class=\"alignnone wp-image-2041\" src=\"https:\/\/domoscurinanco.cl\/wp-content\/uploads\/2026\/03\/PayPal.svg_-300x80.png\" alt=\"\" width=\"176\" height=\"47\" srcset=\"https:\/\/domoscurinanco.cl\/wp-content\/uploads\/2026\/03\/PayPal.svg_-300x80.png 300w, https:\/\/domoscurinanco.cl\/wp-content\/uploads\/2026\/03\/PayPal.svg_-768x205.png 768w, https:\/\/domoscurinanco.cl\/wp-content\/uploads\/2026\/03\/PayPal.svg_.png 960w\" sizes=\"auto, (max-width: 176px) 100vw, 176px\" \/><\/a>\u00a0 <img loading=\"lazy\" decoding=\"async\" class=\"alignnone wp-image-2042\" src=\"https:\/\/domoscurinanco.cl\/wp-content\/uploads\/2026\/03\/unnamed-300x300.png\" alt=\"\" width=\"68\" height=\"68\" srcset=\"https:\/\/domoscurinanco.cl\/wp-content\/uploads\/2026\/03\/unnamed-300x300.png 300w, https:\/\/domoscurinanco.cl\/wp-content\/uploads\/2026\/03\/unnamed-150x150.png 150w, https:\/\/domoscurinanco.cl\/wp-content\/uploads\/2026\/03\/unnamed.png 512w\" sizes=\"auto, (max-width: 68px) 100vw, 68px\" \/>. <a href=\"https:\/\/es-l.airbnb.com\/rooms\/31389762?guests=1&amp;adults=1&amp;s=67&amp;unique_share_id=f3be68bb-3023-4f32-9c66-17961a0c0739\" target=\"_blank\" rel=\"noopener\">\u00a0<img loading=\"lazy\" decoding=\"async\" class=\"alignnone wp-image-2049\" src=\"https:\/\/domoscurinanco.cl\/wp-content\/uploads\/2026\/03\/airbnb-statistics-150x150.jpg\" alt=\"\" width=\"68\" height=\"68\" \/> \u00a0<img loading=\"lazy\" decoding=\"async\" class=\"alignnone wp-image-2046 \" src=\"https:\/\/domoscurinanco.cl\/wp-content\/uploads\/2026\/03\/123432009-icono-de-dinero-dolar-pago-plano-del-simbolo-de-factura-de-signo-de-efectivo-icono-de-moneda-de-e1774669013631-150x150.jpg\" alt=\"\" width=\"73\" height=\"73\" \/><\/a><\/p>\n<p>[\/vc_message][\/vc_column][\/vc_row]<\/p>\n<\/div>","protected":false},"excerpt":{"rendered":"<p>[vc_row][vc_column][vc_separator color=\u00bbwhite\u00bb border_width=\u00bb10&#8243; css=\u00bb\u00bb][vc_message message_box_style=\u00bbsolid\u00bb style=\u00bbround\u00bb message_box_color=\u00bbsuccess\u00bb icon_fontawesome=\u00bbfa fa-solid fa-money-bill-1-wave\u00bb css=\u00bb\u00bb] VALORES POR NOCHE [\/vc_message][\/vc_column][\/vc_row][vc_row][vc_column width=\u00bb1\/2&#8243;][vc_message message_box_style=\u00bbsolid-icon\u00bb style=\u00bbsquare\u00bb icon_fontawesome=\u00bbfa fa-solid fa-cloud\u00bb css=\u00bb\u00bb] Temporada Baja (No incluye tinaja) (21 de marzo \u2013 21 de diciembre 2026) 2 personas: $90.000 3 personas: $100.000 4 personas: $110.000 5 personas: $120.000 6 personas: $130.000 8 personas: $150.000 Valores incluyen&hellip;<\/p>\n","protected":false},"author":1,"featured_media":0,"parent":0,"menu_order":400,"comment_status":"closed","ping_status":"closed","template":"","meta":{"footnotes":""},"class_list":["post-9","page","type-page","status-publish","hentry","description-off"],"_links":{"self":[{"href":"https:\/\/domoscurinanco.cl\/index.php\/wp-json\/wp\/v2\/pages\/9","targetHints":{"allow":["GET"]}}],"collection":[{"href":"https:\/\/domoscurinanco.cl\/index.php\/wp-json\/wp\/v2\/pages"}],"about":[{"href":"https:\/\/domoscurinanco.cl\/index.php\/wp-json\/wp\/v2\/types\/page"}],"author":[{"embeddable":true,"href":"https:\/\/domoscurinanco.cl\/index.php\/wp-json\/wp\/v2\/users\/1"}],"replies":[{"embeddable":true,"href":"https:\/\/domoscurinanco.cl\/index.php\/wp-json\/wp\/v2\/comments?post=9"}],"version-history":[{"count":26,"href":"https:\/\/domoscurinanco.cl\/index.php\/wp-json\/wp\/v2\/pages\/9\/revisions"}],"predecessor-version":[{"id":2417,"href":"https:\/\/domoscurinanco.cl\/index.php\/wp-json\/wp\/v2\/pages\/9\/revisions\/2417"}],"wp:attachment":[{"href":"https:\/\/domoscurinanco.cl\/index.php\/wp-json\/wp\/v2\/media?parent=9"}],"curies":[{"name":"wp","href":"https:\/\/api.w.org\/{rel}","templated":true}]}}