{"id":408,"date":"2016-01-30T21:56:24","date_gmt":"2016-01-30T21:56:24","guid":{"rendered":"https:\/\/domoscurinanco.cl\/index.php\/services\/service-inner\/"},"modified":"2026-04-01T16:37:40","modified_gmt":"2026-04-01T16:37:40","slug":"service-inner","status":"publish","type":"page","link":"https:\/\/domoscurinanco.cl\/index.php\/services\/service-inner\/","title":{"rendered":"Reglamentos"},"content":{"rendered":"<div class=\"wpb-content-wrapper\"><p>[vc_row][vc_column][vc_column_text css=\u00bb\u00bb]<\/p>\n<h2><span style=\"color: #339966;\">REGLAMENTOS Y SERVICIOS DE ESTADIA<\/span><\/h2>\n<p>[\/vc_column_text][vc_message message_box_style=\u00bbsolid-icon\u00bb icon_fontawesome=\u00bbfa fa-solid fa-user-clock\u00bb css=\u00bb\u00bb]<\/p>\n<ul>\n<li><span style=\"color: #008000;\"><strong>Recepci\u00f3n y Horarios<\/strong><\/span>\n<ul>\n<li><span style=\"color: #ff9900;\"><strong>Administraci\u00f3n<\/strong><\/span>: Atenci\u00f3n de 09:00 a 21:00 hrs.<\/li>\n<li><span style=\"color: #ff9900;\"><strong>Check-in:<\/strong><\/span> A partir de las 15:00 hrs. | Check-out: Hasta las 12:00 hrs.<\/li>\n<li><strong>Registro<\/strong>: Todo hu\u00e9sped debe registrar sus datos al ingresar. Al retirarse, por favor entregue las llaves en administraci\u00f3n (o d\u00e9 aviso de su salida).<\/li>\n<\/ul>\n<\/li>\n<\/ul>\n<p>[\/vc_message][vc_message message_box_style=\u00bbsolid-icon\u00bb icon_fontawesome=\u00bbfa fa-solid fa-money-bill-1-wave\u00bb css=\u00bb\u00bb]<\/p>\n<ul>\n<li><span style=\"color: #008000;\"><strong>Pagos y Tarifas<\/strong><\/span>\n<ul>\n<li><span style=\"color: #ff9900;\"><strong>Pago de estad\u00eda:<\/strong><\/span> El saldo de la reserva se debe cancelar el mismo d\u00eda de su ingreso.<\/li>\n<li><span style=\"color: #ff9900;\"><strong>Moneda extranjera:<\/strong><\/span> Aceptamos d\u00f3lares o euros, siempre que los billetes est\u00e9n en buenestado (sin marcas ni roturas).<\/li>\n<li><strong><span style=\"color: #ff9900;\">Late Check-out<\/span>:<\/strong> Tiene un valor de $6.000 por hora (sujeto a disponibilidad).<\/li>\n<li><span style=\"color: #ff9900;\"><strong>Pasajero adicional:<\/strong><\/span> Tiene un valor de $20.000 por noche (ni\u00f1os\/as hasta 5 a\u00f1os no pagan).<\/li>\n<li><span style=\"color: #ff9900;\"><strong>Servicio de aseo extra:<\/strong><\/span> Disponible por $20.000. (avisar con 1 d\u00eda de anticipaci\u00f3n)<\/li>\n<li><span style=\"color: #ff9900;\"><strong>Visitas<\/strong><\/span>: Las visitas tienen un cobro extra de $5.000 p\/p y debe ver avisado a administraci\u00f3n<\/li>\n<li><span style=\"color: #ff9900;\"><strong>Da\u00f1os<\/strong><\/span>: Cualquier da\u00f1o ocasionado al domo, mobiliario o utensilios ser\u00e1 evaluado y el costo deber\u00e1 ser cubierto por el hu\u00e9sped.<\/li>\n<\/ul>\n<\/li>\n<\/ul>\n<p>&nbsp;[\/vc_message][vc_message message_box_style=\u00bbsolid-icon\u00bb icon_fontawesome=\u00bbfa fa-solid fa-satellite-dish\u00bb css=\u00bb\u00bb]<\/p>\n<ul>\n<li><span style=\"color: #008000;\"><strong>Equipamiento y Servicios<\/strong><\/span>\n<ul>\n<li><span style=\"color: #ff9900;\"><strong>Toallas<\/strong><\/span>: Proporcionamos solo toalla de ba\u00f1o. No se proporcionan toallas de uso personal.<\/li>\n<li><span style=\"color: #ff9900;\"><strong>Conectividad<\/strong><\/span>: Wi-Fi satelital Starlink disponible (las credenciales se encuentran en la pared). El Smart TV es exclusivo para usar con sus cuentas personales de Netflix o YouTube.<\/li>\n<li><span style=\"color: #ff9900;\"><strong>Climatizaci\u00f3n<\/strong><\/span>: El domo cuenta con Aire Acondicionado; rogamos un uso consciente. Para abrir o cerrar las ventanas del techo, utilice el bast\u00f3n retr\u00e1ctil ubicado en el segundo piso.<\/li>\n<li><span style=\"color: #339966;\"><strong>Servicios Opcionales (Costo Adicional)<\/strong><\/span>:\n<ul>\n<li><strong><span style=\"color: #ff9900;\">Tinaja caliente<\/span>:<\/strong> Debe reservarse con 1 d\u00eda de anticipaci\u00f3n (tarda 5 a 6 hrs en calentar). Utilizamos siempre agua renovada y su uso es ilimitado durante el d\u00eda.<\/li>\n<li><strong><span style=\"color: #ff9900;\">Quincho \/ Sal\u00f3n de eventos<\/span>:<\/strong> Totalmente equipado y privado. Consulte disponibilidad y tarifas. (capacidad para 12 personas c\u00f3modamente).<\/li>\n<\/ul>\n<\/li>\n<li><strong>Transporte<\/strong>: Servicio de transporte de pasajeros y encargos (consultar en administraci\u00f3n)<\/li>\n<\/ul>\n<\/li>\n<\/ul>\n<p>&nbsp;[\/vc_message][vc_message message_box_style=\u00bbsolid-icon\u00bb icon_fontawesome=\u00bbfa fa-solid fa-igloo\u00bb css=\u00bb\u00bb]<\/p>\n<ul>\n<li><span style=\"color: #008000;\"><strong>Normas de Convivencia y Cuidado del Domo<\/strong><\/span>\n<ul>\n<li><span style=\"color: #ff9900;\"><strong>Descanso<\/strong><\/span>: Rogamos respetar a sus vecinos evitando m\u00fasica fuerte o ruidos molestos en el exterior despu\u00e9s de las 22:00 hrs.<\/li>\n<li><span style=\"color: #ff9900;\"><strong>Limpieza<\/strong><\/span>: Por favor, use el limpiapi\u00e9s al entrar para remover la arena de sus calzados. Evite comer en las camas y sof\u00e1s. Las bolsas de basura deben dejarse en los contenedores habilitados afuera.<\/li>\n<li><span style=\"color: #ff9900;\"><strong>Reciclaje<\/strong><\/span>: Disponemos de un contenedor especial para reciclar pl\u00e1stico y vidrio<\/li>\n<li><span style=\"color: #ff9900;\"><strong>Fumadores<\/strong><\/span>: Est\u00e1 estrictamente prohibido fumar dentro del domo. Tenemos ceniceros habilitados a la salida de cada domo.<\/li>\n<li><span style=\"color: #ff9900;\"><strong>Parrilladas<\/strong><\/span>: Cada domo cuenta con su propia zona equipada con parrilla para este fin. Prohibido realizar parrilladas o fogatas en la terraza del domo.<\/li>\n<li><strong><span style=\"color: #ff9900;\">Cuidado infantil<\/span>:<\/strong> Solicitamos a los padres supervisar a los ni\u00f1os\/as para evitar rayados o manchas en paredes, muebles y ropa de cama.<\/li>\n<li><span style=\"color: #ff9900;\"><strong>Mascotas<\/strong><\/span>: Aceptamos solo mascotas peque\u00f1as hasta 8 kilos y es de responsabilidad de los due\u00f1os cuidar y domesticarlos para una sana convivencia. Se ruega recoger sus desechos, as\u00ed como tambi\u00e9n no dejar pelos de animal en camas y sof\u00e1s.<\/li>\n<li><span style=\"color: #ff9900;\"><strong>Seguridad<\/strong><\/span>: Mantenga la puerta siempre cerrada con llave al salir. Domos Curi\u00f1anco no se hace responsable por robos, extrav\u00edos o accidentes derivados del descuido o incumplimiento de estas normas.<br \/>\n<span style=\"color: #ff9900;\"><strong>Vigilancia<\/strong><\/span>: Nuestro establecimiento cuenta con sistema de vigilancia 24\/7 y alumbrado exterior autom\u00e1tico.<\/li>\n<\/ul>\n<\/li>\n<\/ul>\n<p>[\/vc_message][vc_message message_box_style=\u00bbsolid-icon\u00bb icon_fontawesome=\u00bbfa fa-solid fa-house-medical-circle-check\u00bb css=\u00bb\u00bb]<\/p>\n<ul>\n<li><strong><span style=\"color: #008000;\">Entorno y Emergencias<\/span><\/strong>\n<ul>\n<li><span style=\"color: #ff9900;\"><strong>Acceso a la playa<\/strong><\/span>: La bajada directa es por zona de dunas. Para adultos mayores o personas con movilidad reducida, recomendamos usar la subida p\u00fablica (ubicada a 100 metros hacia la izquierda desde la playa). La playa no es apta para nadar.<\/li>\n<li><span style=\"color: #ff9900;\"><strong>Cortes de suministro<\/strong><\/span>: El domo cuenta con una l\u00e1mpara de emergencia. Si ocurre un corte de agua producto de una falla el\u00e9ctrica, avise inmediatamente a administraci\u00f3n ya que funcionamos con bombas el\u00e9ctricas para garantizar la presi\u00f3n.<\/li>\n<li><span style=\"color: #ff9900;\"><strong>Botiqu\u00edn<\/strong><\/span>: Disponemos de un botiqu\u00edn b\u00e1sico de primeros auxilios (debe solicitarlo en caso de emergencia)<\/li>\n<li><span style=\"color: #ff9900;\"><strong>Extintor<\/strong><\/span>: Ubicado en la entrada, bajo la escalera.<\/li>\n<li><span style=\"color: #ff9900;\"><strong>T-sunami:<\/strong><\/span> En caso de alerta de T-sunami abandone inmediatamente la playa y las \u00e1reas bajas y dir\u00edjase a las zonas altas (ruta T-340) se\u00f1aladas en los letreros ubicados en el camino principal de Curi\u00f1anco y regrese solo cuando las autoridades oficiales de <strong>SENAPRED<\/strong> lo indiquen.<\/li>\n<\/ul>\n<\/li>\n<\/ul>\n<p>[\/vc_message][vc_message message_box_style=\u00bbsolid-icon\u00bb message_box_color=\u00bbalert-info\u00bb css=\u00bb\u00bb]<\/p>\n<ul>\n<li><strong><span style=\"color: #ff0000;\">Tel\u00e9fonos de emergencia:<\/span><\/strong> 133 (Carabineros), 131 (Ambulancia), 132 (Bomberos), 139 (Informaciones), 134 (PDI), 130 (CONAF), 137 (Salvamiento Mar\u00edtimo), 138 (B\u00fasqueda y salvamiento a\u00e9reo,) 63-2563137 (Ret\u00e9n Punucapa), 63-2282262 (Cesfam Niebla)<\/li>\n<\/ul>\n<p>[\/vc_message][\/vc_column][\/vc_row][vc_row][vc_column][vc_message color=\u00bbwarning\u00bb message_box_style=\u00bbsolid-icon\u00bb message_box_color=\u00bbwarning\u00bb icon_fontawesome=\u00bb\u00bb css=\u00bb\u00bb]<em><strong><span style=\"color: #ff0000;\">A considerar:<\/span> <\/strong><span style=\"color: #ff9900;\">Curi\u00f1anco es una peque\u00f1a localidad rural costera. <\/span><\/em><em><span style=\"color: #ff9900;\">Debido al entorno natural y la exposici\u00f3n abierta de nuestros domos al mar puede de manera muy ocasional los fuertes vientos y lluvias afectar los suministros b\u00e1sicos del sector y\/o servicios adicionales ofrecidos por nosotros. Dichas condiciones pueden provocar cortes en el tendido el\u00e9ctrico, filtraciones de agua en ventanas, grandes charcos de agua y\/o alteraciones en el sistema de Agua Potable Rural (APR), generando baja presi\u00f3n o turbiedad. Por esta raz\u00f3n, su experiencia y algunos de los servicios que ofrecemos podr\u00edan verse interrumpidos temporalmente. Agradecemos su comprensi\u00f3n.<\/span><\/em><\/p>\n<p style=\"text-align: right;\"><strong><em>Atte.<\/em> Domos Curi\u00f1anco<\/strong><\/p>\n<p>[\/vc_message][\/vc_column][\/vc_row]<\/p>\n<\/div>","protected":false},"excerpt":{"rendered":"<p>[vc_row][vc_column][vc_column_text css=\u00bb\u00bb] REGLAMENTOS Y SERVICIOS DE ESTADIA [\/vc_column_text][vc_message message_box_style=\u00bbsolid-icon\u00bb icon_fontawesome=\u00bbfa fa-solid fa-user-clock\u00bb css=\u00bb\u00bb] Recepci\u00f3n y Horarios Administraci\u00f3n: Atenci\u00f3n de 09:00 a 21:00 hrs. Check-in: A partir de las 15:00 hrs. | Check-out: Hasta las 12:00 hrs. Registro: Todo hu\u00e9sped debe registrar sus datos al ingresar. Al retirarse, por favor entregue las llaves en administraci\u00f3n (o&hellip;<\/p>\n","protected":false},"author":1,"featured_media":0,"parent":1595,"menu_order":100,"comment_status":"closed","ping_status":"closed","template":"","meta":{"footnotes":""},"class_list":["post-408","page","type-page","status-publish","hentry","description-off"],"_links":{"self":[{"href":"https:\/\/domoscurinanco.cl\/index.php\/wp-json\/wp\/v2\/pages\/408","targetHints":{"allow":["GET"]}}],"collection":[{"href":"https:\/\/domoscurinanco.cl\/index.php\/wp-json\/wp\/v2\/pages"}],"about":[{"href":"https:\/\/domoscurinanco.cl\/index.php\/wp-json\/wp\/v2\/types\/page"}],"author":[{"embeddable":true,"href":"https:\/\/domoscurinanco.cl\/index.php\/wp-json\/wp\/v2\/users\/1"}],"replies":[{"embeddable":true,"href":"https:\/\/domoscurinanco.cl\/index.php\/wp-json\/wp\/v2\/comments?post=408"}],"version-history":[{"count":9,"href":"https:\/\/domoscurinanco.cl\/index.php\/wp-json\/wp\/v2\/pages\/408\/revisions"}],"predecessor-version":[{"id":2349,"href":"https:\/\/domoscurinanco.cl\/index.php\/wp-json\/wp\/v2\/pages\/408\/revisions\/2349"}],"up":[{"embeddable":true,"href":"https:\/\/domoscurinanco.cl\/index.php\/wp-json\/wp\/v2\/pages\/1595"}],"wp:attachment":[{"href":"https:\/\/domoscurinanco.cl\/index.php\/wp-json\/wp\/v2\/media?parent=408"}],"curies":[{"name":"wp","href":"https:\/\/api.w.org\/{rel}","templated":true}]}}