{"id":2078,"date":"2026-03-28T14:43:56","date_gmt":"2026-03-28T14:43:56","guid":{"rendered":"https:\/\/domoscurinanco.cl\/?page_id=2078"},"modified":"2026-04-01T16:52:04","modified_gmt":"2026-04-01T16:52:04","slug":"eventos","status":"publish","type":"page","link":"https:\/\/domoscurinanco.cl\/index.php\/eventos\/","title":{"rendered":"Preparaciones"},"content":{"rendered":"<div class=\"wpb-content-wrapper\"><p>[vc_row][vc_column width=\u00bb1\/2&#8243;][vc_message message_box_style=\u00bbsolid-icon\u00bb icon_fontawesome=\u00bbfa fa-solid fa-bowl-food\u00bb css=\u00bb\u00bb]<\/p>\n<h3 style=\"text-align: center;\">EMPRESA Y ORGANIZACIONES<\/h3>\n<h3 style=\"text-align: left;\">Ofrecemos servicio de preparaci\u00f3n de comidas para eventos especiales. Contamos con una capacidad para atender hasta 20 personas como m\u00e1ximo.<\/h3>\n<ul>\n<li>Almuerzos (parrilladas a la vista)<\/li>\n<li>Desayunos campestre (pan amasado)<\/li>\n<li>Onces<\/li>\n<li>Tablas (picoteo)<\/li>\n<li>Reposter\u00eda<\/li>\n<li>Cocteler\u00eda (tragos)<\/li>\n<\/ul>\n<p>[\/vc_message][\/vc_column][vc_column width=\u00bb1\/2&#8243;][vc_video link=\u00bbhttps:\/\/youtube.com\/shorts\/8qN-RVAxGWk?si=RQlOb_IZT0Z9rHE5&#8243; css=\u00bb\u00bb][\/vc_column][\/vc_row]<\/p>\n<\/div>","protected":false},"excerpt":{"rendered":"<p>[vc_row][vc_column width=\u00bb1\/2&#8243;][vc_message message_box_style=\u00bbsolid-icon\u00bb icon_fontawesome=\u00bbfa fa-solid fa-bowl-food\u00bb css=\u00bb\u00bb] EMPRESA Y ORGANIZACIONES Ofrecemos servicio de preparaci\u00f3n de comidas para eventos especiales. Contamos con una capacidad para atender hasta 20 personas como m\u00e1ximo. Almuerzos (parrilladas a la vista) Desayunos campestre (pan amasado) Onces Tablas (picoteo) Reposter\u00eda Cocteler\u00eda (tragos) [\/vc_message][\/vc_column][vc_column width=\u00bb1\/2&#8243;][vc_video link=\u00bbhttps:\/\/youtube.com\/shorts\/8qN-RVAxGWk?si=RQlOb_IZT0Z9rHE5&#8243; css=\u00bb\u00bb][\/vc_column][\/vc_row]<\/p>\n","protected":false},"author":1,"featured_media":0,"parent":0,"menu_order":0,"comment_status":"closed","ping_status":"closed","template":"","meta":{"footnotes":""},"class_list":["post-2078","page","type-page","status-publish","hentry","description-off"],"_links":{"self":[{"href":"https:\/\/domoscurinanco.cl\/index.php\/wp-json\/wp\/v2\/pages\/2078","targetHints":{"allow":["GET"]}}],"collection":[{"href":"https:\/\/domoscurinanco.cl\/index.php\/wp-json\/wp\/v2\/pages"}],"about":[{"href":"https:\/\/domoscurinanco.cl\/index.php\/wp-json\/wp\/v2\/types\/page"}],"author":[{"embeddable":true,"href":"https:\/\/domoscurinanco.cl\/index.php\/wp-json\/wp\/v2\/users\/1"}],"replies":[{"embeddable":true,"href":"https:\/\/domoscurinanco.cl\/index.php\/wp-json\/wp\/v2\/comments?post=2078"}],"version-history":[{"count":14,"href":"https:\/\/domoscurinanco.cl\/index.php\/wp-json\/wp\/v2\/pages\/2078\/revisions"}],"predecessor-version":[{"id":2364,"href":"https:\/\/domoscurinanco.cl\/index.php\/wp-json\/wp\/v2\/pages\/2078\/revisions\/2364"}],"wp:attachment":[{"href":"https:\/\/domoscurinanco.cl\/index.php\/wp-json\/wp\/v2\/media?parent=2078"}],"curies":[{"name":"wp","href":"https:\/\/api.w.org\/{rel}","templated":true}]}}