{"id":1965,"date":"2026-03-25T22:44:36","date_gmt":"2026-03-25T22:44:36","guid":{"rendered":"https:\/\/domoscurinanco.cl\/?page_id=1965"},"modified":"2026-03-28T18:33:16","modified_gmt":"2026-03-28T18:33:16","slug":"instalaciones-y-equipamiento","status":"publish","type":"page","link":"https:\/\/domoscurinanco.cl\/index.php\/instalaciones-y-equipamiento\/","title":{"rendered":"Condiciones de arriendo"},"content":{"rendered":"<div class=\"wpb-content-wrapper\"><p>[vc_row][vc_column][vc_message color=\u00bbsuccess\u00bb message_box_style=\u00bbsolid-icon\u00bb message_box_color=\u00bbsuccess\u00bb icon_fontawesome=\u00bb\u00bb css=\u00bb\u00bb]<\/p>\n<h3>CONDICIONES PARA RESERVAR<\/h3>\n<p>Para reservar el cliente de realizar un abono del 50% a nuestra cuenta corriente de empresa, as\u00ed usted y nosotros nos aseguramos de su real estad\u00eda.<\/p>\n<p>El resto se cancela entrando al domo.[\/vc_message][\/vc_column][\/vc_row][vc_row][vc_column][vc_message color=\u00bbalert-success\u00bb message_box_style=\u00bbsolid-icon\u00bb message_box_color=\u00bbalert-success\u00bb icon_type=\u00bbpixelicons\u00bb icon_pixelicons=\u00bbvc_pixel_icon vc_pixel_icon-tick\u00bb css=\u00bb\u00bb]<\/p>\n<h3>METODOS DE PAGO<\/h3>\n<p>Efectivo &#8211; D\u00f3lares &#8211; Euros &#8211; Tarjetas de cr\u00e9dito y d\u00e9bito &#8211; Paypal &#8211; Wester Union &#8211; Mercado Pago &#8211; AIRBNB y Transferencia extranjeras a trav\u00e9s de codigo SWIFT<\/p>\n<p><img loading=\"lazy\" decoding=\"async\" class=\"alignnone wp-image-2046 \" src=\"https:\/\/domoscurinanco.cl\/wp-content\/uploads\/2026\/03\/123432009-icono-de-dinero-dolar-pago-plano-del-simbolo-de-factura-de-signo-de-efectivo-icono-de-moneda-de-e1774669013631-150x150.jpg\" alt=\"\" width=\"93\" height=\"93\" \/> \u00a0<a href=\"https:\/\/www.webpay.cl\/form-pay\/130708\" target=\"_blank\" rel=\"noopener\"><img loading=\"lazy\" decoding=\"async\" class=\"alignnone wp-image-2039 \" src=\"https:\/\/domoscurinanco.cl\/wp-content\/uploads\/2026\/03\/webpay-fittex.png\" alt=\"\" width=\"210\" height=\"65\" srcset=\"https:\/\/domoscurinanco.cl\/wp-content\/uploads\/2026\/03\/webpay-fittex.png 837w, https:\/\/domoscurinanco.cl\/wp-content\/uploads\/2026\/03\/webpay-fittex-300x93.png 300w, https:\/\/domoscurinanco.cl\/wp-content\/uploads\/2026\/03\/webpay-fittex-768x238.png 768w\" sizes=\"auto, (max-width: 210px) 100vw, 210px\" \/><\/a> \u00a0 \u00a0\u00a0 <img loading=\"lazy\" decoding=\"async\" class=\"alignnone wp-image-2040\" src=\"https:\/\/domoscurinanco.cl\/wp-content\/uploads\/2026\/03\/icon-256x256-1.png\" alt=\"\" width=\"68\" height=\"68\" srcset=\"https:\/\/domoscurinanco.cl\/wp-content\/uploads\/2026\/03\/icon-256x256-1.png 256w, https:\/\/domoscurinanco.cl\/wp-content\/uploads\/2026\/03\/icon-256x256-1-150x150.png 150w\" sizes=\"auto, (max-width: 68px) 100vw, 68px\" \/> .\u00a0 <a href=\"https:\/\/paypal.me\/katorivers\" target=\"_blank\" rel=\"noopener\"><img loading=\"lazy\" decoding=\"async\" class=\"alignnone wp-image-2041\" src=\"https:\/\/domoscurinanco.cl\/wp-content\/uploads\/2026\/03\/PayPal.svg_-300x80.png\" alt=\"\" width=\"176\" height=\"47\" srcset=\"https:\/\/domoscurinanco.cl\/wp-content\/uploads\/2026\/03\/PayPal.svg_-300x80.png 300w, https:\/\/domoscurinanco.cl\/wp-content\/uploads\/2026\/03\/PayPal.svg_-768x205.png 768w, https:\/\/domoscurinanco.cl\/wp-content\/uploads\/2026\/03\/PayPal.svg_.png 960w\" sizes=\"auto, (max-width: 176px) 100vw, 176px\" \/><\/a>\u00a0 <img loading=\"lazy\" decoding=\"async\" class=\"alignnone wp-image-2042\" src=\"https:\/\/domoscurinanco.cl\/wp-content\/uploads\/2026\/03\/unnamed-300x300.png\" alt=\"\" width=\"68\" height=\"68\" srcset=\"https:\/\/domoscurinanco.cl\/wp-content\/uploads\/2026\/03\/unnamed-300x300.png 300w, https:\/\/domoscurinanco.cl\/wp-content\/uploads\/2026\/03\/unnamed-150x150.png 150w, https:\/\/domoscurinanco.cl\/wp-content\/uploads\/2026\/03\/unnamed.png 512w\" sizes=\"auto, (max-width: 68px) 100vw, 68px\" \/>. <a href=\"https:\/\/es-l.airbnb.com\/rooms\/31389762?guests=1&amp;adults=1&amp;s=67&amp;unique_share_id=f3be68bb-3023-4f32-9c66-17961a0c0739\" target=\"_blank\" rel=\"noopener\"><img loading=\"lazy\" decoding=\"async\" class=\"alignnone wp-image-2049\" src=\"https:\/\/domoscurinanco.cl\/wp-content\/uploads\/2026\/03\/airbnb-statistics-150x150.jpg\" alt=\"\" width=\"68\" height=\"68\" \/><\/a><!--more-->[\/vc_message][\/vc_column][\/vc_row][vc_row][vc_column][vc_message css=\u00bb\u00bb]No se realizan devoluciones de dinero, pero si postergaciones en caso de no poder asistir por motivos de fuerza mayor y previo aviso de 2 semanas. (postergaci\u00f3n sujeto a disponibilidad y 6 meses de prorroga m\u00e1ximo dentro dentro de la temporada correspondiente al valor).[\/vc_message][vc_message color=\u00bbwarning\u00bb message_box_color=\u00bbwarning\u00bb icon_fontawesome=\u00bb\u00bb css=\u00bb\u00bb]Tenga cuidado con las estafas. Recuerde solo transferir a nuestra cuenta corriente empresa que le indicaremos a continuacion:<\/p>\n<ul>\n<li><strong>Nombre: Turismo Curi\u00f1anco SpA<\/strong><\/li>\n<li dir=\"auto\"><strong>Entidad Bancaria: Banco de Chile<\/strong><\/li>\n<li dir=\"auto\"><strong>N\u00b0 Cuenta Corriente: 2503329703<\/strong><\/li>\n<li dir=\"auto\"><strong>RUT: 77.697.457-9<\/strong><\/li>\n<li dir=\"auto\"><strong>E-Mail: <a href=\"mailto:domoscurinanco@gmail.com\" target=\"_blank\" rel=\"noopener\">domoscurinanco@gmail.com<\/a><\/strong><\/li>\n<\/ul>\n<p>[\/vc_message][\/vc_column][\/vc_row][vc_row][vc_column][vc_btn title=\u00bbVER PRECIOS\u00bb color=\u00bborange\u00bb size=\u00bblg\u00bb align=\u00bbcenter\u00bb i_icon_fontawesome=\u00bbfa fa-solid fa-money-check-dollar\u00bb css_animation=\u00bbfadeInUp\u00bb css=\u00bb\u00bb add_icon=\u00bbtrue\u00bb link=\u00bburl:https%3A%2F%2Fdomoscurinanco.cl%2Findex.php%2Fprecios%2F|title:Tarifas\u00bb][\/vc_column][\/vc_row]<\/p>\n<\/div>","protected":false},"excerpt":{"rendered":"<p>[vc_row][vc_column][vc_message color=\u00bbsuccess\u00bb message_box_style=\u00bbsolid-icon\u00bb message_box_color=\u00bbsuccess\u00bb icon_fontawesome=\u00bb\u00bb css=\u00bb\u00bb] CONDICIONES PARA RESERVAR Para reservar el cliente de realizar un abono del 50% a nuestra cuenta corriente de empresa, as\u00ed usted y nosotros nos aseguramos de su real estad\u00eda. El resto se cancela entrando al domo.[\/vc_message][\/vc_column][\/vc_row][vc_row][vc_column][vc_message color=\u00bbalert-success\u00bb message_box_style=\u00bbsolid-icon\u00bb message_box_color=\u00bbalert-success\u00bb icon_type=\u00bbpixelicons\u00bb icon_pixelicons=\u00bbvc_pixel_icon vc_pixel_icon-tick\u00bb css=\u00bb\u00bb] METODOS DE PAGO Efectivo &#8211; D\u00f3lares&hellip;<\/p>\n","protected":false},"author":1,"featured_media":0,"parent":0,"menu_order":0,"comment_status":"closed","ping_status":"closed","template":"","meta":{"footnotes":""},"class_list":["post-1965","page","type-page","status-publish","hentry","description-off"],"_links":{"self":[{"href":"https:\/\/domoscurinanco.cl\/index.php\/wp-json\/wp\/v2\/pages\/1965","targetHints":{"allow":["GET"]}}],"collection":[{"href":"https:\/\/domoscurinanco.cl\/index.php\/wp-json\/wp\/v2\/pages"}],"about":[{"href":"https:\/\/domoscurinanco.cl\/index.php\/wp-json\/wp\/v2\/types\/page"}],"author":[{"embeddable":true,"href":"https:\/\/domoscurinanco.cl\/index.php\/wp-json\/wp\/v2\/users\/1"}],"replies":[{"embeddable":true,"href":"https:\/\/domoscurinanco.cl\/index.php\/wp-json\/wp\/v2\/comments?post=1965"}],"version-history":[{"count":11,"href":"https:\/\/domoscurinanco.cl\/index.php\/wp-json\/wp\/v2\/pages\/1965\/revisions"}],"predecessor-version":[{"id":2131,"href":"https:\/\/domoscurinanco.cl\/index.php\/wp-json\/wp\/v2\/pages\/1965\/revisions\/2131"}],"wp:attachment":[{"href":"https:\/\/domoscurinanco.cl\/index.php\/wp-json\/wp\/v2\/media?parent=1965"}],"curies":[{"name":"wp","href":"https:\/\/api.w.org\/{rel}","templated":true}]}}