{"id":1594,"date":"2016-01-29T10:12:39","date_gmt":"2016-01-29T10:12:39","guid":{"rendered":"https:\/\/domoscurinanco.cl\/index.php\/about\/"},"modified":"2026-04-16T04:44:00","modified_gmt":"2026-04-16T04:44:00","slug":"about","status":"publish","type":"page","link":"https:\/\/domoscurinanco.cl\/index.php\/about\/","title":{"rendered":"DOMOS CURI\u00d1ANCO"},"content":{"rendered":"<div class=\"wpb-content-wrapper\"><p>[vc_row type=\u00bbvc_default\u00bb css=\u00bb.vc_custom_1476008791393{padding-top: 70px !important;padding-bottom: 25px !important;}\u00bb][vc_column offset=\u00bbvc_col-lg-6 vc_col-md-6 vc_col-xs-12&#8243; css=\u00bb.vc_custom_1476005293248{padding-bottom: 50px !important;}\u00bb]<div id=\"ultimate-heading-301669ecfedd11150\" class=\"uvc-heading ult-adjust-bottom-margin ultimate-heading-301669ecfedd11150 uvc-7332 \" data-hspacer=\"no_spacer\"  data-halign=\"left\" style=\"text-align:left\"><div class=\"uvc-heading-spacer no_spacer\" style=\"top\"><\/div><div class=\"uvc-main-heading ult-responsive\"  data-ultimate-target='.uvc-heading.ultimate-heading-301669ecfedd11150 h2'  data-responsive-json-new='{\"font-size\":\"desktop:26px;\",\"line-height\":\"desktop:32px;\"}' ><h2 style=\"font-weight:bold;margin-bottom:20px;\">Acerca de nosotros<\/h2><\/div><\/div>[vc_column_text css=\u00bb\u00bb]<\/p>\n<h2 data-section-id=\"mutwsf\" data-start=\"95\" data-end=\"117\">Nuestra Historia<\/h2>\n<p data-start=\"119\" data-end=\"586\">Todo comenz\u00f3 con un sue\u00f1o simple: crear un lugar donde las personas pudieran desconectarse del ruido y reconectarse con lo esencial. Inspirados por la belleza natural de la costa y el sonido constante del mar, decidimos construir nuestros domos como un refugio \u00fanico, donde la comodidad y la naturaleza conviven en armon\u00eda. Cada detalle fue pensado con dedicaci\u00f3n, esfuerzo y cari\u00f1o, transformando una idea en un espacio real para compartir experiencias inolvidables.<\/p>\n<p data-start=\"119\" data-end=\"586\"><span style=\"color: #ffffff;\">.<\/span><\/p>\n<h2 data-section-id=\"1c853u4\" data-start=\"588\" data-end=\"612\">\ud83d\udca1 Nuestra Motivaci\u00f3n<\/h2>\n<p data-start=\"614\" data-end=\"919\">Creemos que todos merecen un lugar para respirar profundo, descansar y volver a lo simple. Nuestra motivaci\u00f3n nace de la pasi\u00f3n por la naturaleza, la tranquilidad y el deseo de ofrecer un espacio distinto, acogedor y aut\u00e9ntico, donde cada visitante pueda crear recuerdos \u00fanicos junto a quienes m\u00e1s quiere.<\/p>\n<p data-start=\"614\" data-end=\"919\"><span style=\"color: #ffffff;\">.<\/span><\/p>\n<h2 data-section-id=\"pa1ixh\" data-start=\"921\" data-end=\"933\">\ud83c\udfaf Misi\u00f3n<\/h2>\n<p data-start=\"935\" data-end=\"1145\">Brindar una experiencia de alojamiento \u00fanica, c\u00f3moda y cercana a la naturaleza, ofreciendo un espacio de descanso que permita a nuestros hu\u00e9spedes desconectarse, relajarse y disfrutar de la belleza del entorno.<\/p>\n<p data-start=\"935\" data-end=\"1145\"><span style=\"color: #ffffff;\">.<\/span><\/p>\n<h2 data-section-id=\"1m2a0rk\" data-start=\"1147\" data-end=\"1159\">\ud83d\ude80 Visi\u00f3n<\/h2>\n<p data-start=\"1161\" data-end=\"1339\">Convertirnos en un destino reconocido por su calidez, calidad y conexi\u00f3n con la naturaleza, siendo un referente en experiencias de descanso sustentables y memorables en la costa.<\/p>\n<p>[\/vc_column_text][\/vc_column][vc_column offset=\u00bbvc_col-lg-6 vc_col-md-6 vc_col-xs-12&#8243; css=\u00bb.vc_custom_1476005300152{padding-bottom: 50px !important;}\u00bb][vc_single_image image=\u00bb1851&#8243; img_size=\u00bbfull\u00bb css=\u00bb\u00bb][vc_single_image image=\u00bb1853&#8243; img_size=\u00bbfull\u00bb css=\u00bb\u00bb][vc_single_image image=\u00bb1989&#8243; img_size=\u00bbfull\u00bb alignment=\u00bbcenter\u00bb css_animation=\u00bbfadeInRight\u00bb css=\u00bb\u00bb][\/vc_column][\/vc_row][vc_row bg_type=\u00bbbg_color\u00bb bg_override=\u00bbex-full\u00bb type=\u00bbvc_default\u00bb margin_top=\u00bb-50&#8243; css=\u00bb.vc_custom_1498803830227{padding-top: 50px !important;background-color: #000000 !important;}\u00bb bg_color_value=\u00bb#1f365c\u00bb][vc_column width=\u00bb1\/3&#8243; offset=\u00bbvc_col-lg-4 vc_col-md-4&#8243; css=\u00bb.vc_custom_1476007482956{padding-bottom: 50px !important;}\u00bb]<div class=\"stats-block stats-left  accent-icon-bg  vc_custom_1774722097764\"><div class=\"aio-icon-left\"><div class=\"ult-just-icon-wrapper  \"><div class=\"align-icon\" style=\"text-align:center;\">\n<div class=\"aio-icon circle \"  style=\"color:#ffffff;background:#ffffff;font-size:30px;display:inline-block;\">\n\t<i class=\"icomoon-icomoonfree-16x16-users\"><\/i>\n<\/div><\/div><\/div><\/div><div class=\"stats-desc\" id=\"counter-responsv-wrap-5115\"><div id=\"counter_2939854369ecfedd11289\" data-id=\"counter_2939854369ecfedd11289\"  data-ultimate-target='#counter-responsv-wrap-5115 .stats-number'  data-responsive-json-new='{\"font-size\":\"desktop:70px;\",\"line-height\":\"desktop:70px;\"}'  class=\"stats-number ult-responsive\" style=\" color:#ffffff; font-family:&#039;Open Sans Condensed&#039;;font-weight:700;color:#ffffff;\" data-speed=\"3\" data-counter-value=\"4\" data-separator=\",\" data-decimal=\".\">0<\/div><div id=\"title-counter_2939854369ecfedd11289\"  data-ultimate-target='#counter-responsv-wrap-5115 .stats-text'  data-responsive-json-new='{\"font-size\":\"desktop:20px;\",\"line-height\":\"desktop:26px;\"}'  class=\"stats-text ult-responsive\" style=\"font-size:px; color:#ffffff; font-family:&#039;Open Sans Condensed&#039;;font-weight:700;\">Domos &amp; Tinajas<\/div><\/div><\/div>[\/vc_column][vc_column width=\u00bb1\/3&#8243; css=\u00bb.vc_custom_1476007487982{padding-bottom: 50px !important;}\u00bb]<div class=\"stats-block stats-left  accent-icon-bg  vc_custom_1774722058980\"><div class=\"aio-icon-left\"><div class=\"ult-just-icon-wrapper  \"><div class=\"align-icon\" style=\"text-align:center;\">\n<div class=\"aio-icon circle \"  style=\"color:#ffffff;background:#ffffff;font-size:32px;display:inline-block;\">\n\t<i class=\"icomoon-icomoonfree-16x16-user-tie\"><\/i>\n<\/div><\/div><\/div><\/div><div class=\"stats-desc\" id=\"counter-responsv-wrap-8521\"><div id=\"counter_226100617169ecfedd112f9\" data-id=\"counter_226100617169ecfedd112f9\"  data-ultimate-target='#counter-responsv-wrap-8521 .stats-number'  data-responsive-json-new='{\"font-size\":\"desktop:70px;\",\"line-height\":\"desktop:70px;\"}'  class=\"stats-number ult-responsive\" style=\" color:#ffffff; font-family:&#039;Open Sans Condensed&#039;;font-weight:700;color:#ffffff;\" data-speed=\"3\" data-counter-value=\"2000\" data-separator=\",\" data-decimal=\".\">0<\/div><div id=\"title-counter_226100617169ecfedd112f9\"  data-ultimate-target='#counter-responsv-wrap-8521 .stats-text'  data-responsive-json-new='{\"font-size\":\"desktop:20px;\",\"line-height\":\"desktop:26px;\"}'  class=\"stats-text ult-responsive\" style=\"font-size:px; color:#ffffff; font-family:&#039;Open Sans Condensed&#039;;font-weight:700;\">Clientes felices<\/div><\/div><\/div>[\/vc_column][vc_column width=\u00bb1\/3&#8243; css=\u00bb.vc_custom_1476007492901{padding-bottom: 50px !important;}\u00bb]<div class=\"stats-block stats-left  accent-icon-bg  vc_custom_1774722123062\"><div class=\"aio-icon-left\"><div class=\"ult-just-icon-wrapper  \"><div class=\"align-icon\" style=\"text-align:center;\">\n<div class=\"aio-icon circle \"  style=\"color:#ffffff;background:#ffffff;font-size:32px;display:inline-block;\">\n\t<i class=\"icomoon-icomoonfree-16x16-briefcase\"><\/i>\n<\/div><\/div><\/div><\/div><div class=\"stats-desc\" id=\"counter-responsv-wrap-3275\"><div id=\"counter_219538963869ecfedd11357\" data-id=\"counter_219538963869ecfedd11357\"  data-ultimate-target='#counter-responsv-wrap-3275 .stats-number'  data-responsive-json-new='{\"font-size\":\"desktop:70px;\",\"line-height\":\"desktop:70px;\"}'  class=\"stats-number ult-responsive\" style=\" color:#ffffff; font-family:&#039;Open Sans Condensed&#039;;font-weight:700;color:#ffffff;\" data-speed=\"3\" data-counter-value=\"25\" data-separator=\",\" data-decimal=\".\">0<\/div><div id=\"title-counter_219538963869ecfedd11357\"  data-ultimate-target='#counter-responsv-wrap-3275 .stats-text'  data-responsive-json-new='{\"font-size\":\"desktop:20px;\",\"line-height\":\"desktop:26px;\"}'  class=\"stats-text ult-responsive\" style=\"font-size:px; color:#ffffff; font-family:&#039;Open Sans Condensed&#039;;font-weight:700;\">Kilometros de Valdivia<\/div><\/div><\/div>[\/vc_column][\/vc_row]<\/p>\n<\/div>","protected":false},"excerpt":{"rendered":"<p>[vc_row type=\u00bbvc_default\u00bb css=\u00bb.vc_custom_1476008791393{padding-top: 70px !important;padding-bottom: 25px !important;}\u00bb][vc_column offset=\u00bbvc_col-lg-6 vc_col-md-6 vc_col-xs-12&#8243; css=\u00bb.vc_custom_1476005293248{padding-bottom: 50px !important;}\u00bb][vc_column_text css=\u00bb\u00bb] Nuestra Historia Todo comenz\u00f3 con un sue\u00f1o simple: crear un lugar donde las personas pudieran desconectarse del ruido y reconectarse con lo esencial. Inspirados por la belleza natural de la costa y el sonido constante del mar, decidimos construir nuestros domos&hellip;<\/p>\n","protected":false},"author":1,"featured_media":0,"parent":0,"menu_order":100,"comment_status":"closed","ping_status":"closed","template":"","meta":{"footnotes":""},"class_list":["post-1594","page","type-page","status-publish","hentry","description-off"],"_links":{"self":[{"href":"https:\/\/domoscurinanco.cl\/index.php\/wp-json\/wp\/v2\/pages\/1594","targetHints":{"allow":["GET"]}}],"collection":[{"href":"https:\/\/domoscurinanco.cl\/index.php\/wp-json\/wp\/v2\/pages"}],"about":[{"href":"https:\/\/domoscurinanco.cl\/index.php\/wp-json\/wp\/v2\/types\/page"}],"author":[{"embeddable":true,"href":"https:\/\/domoscurinanco.cl\/index.php\/wp-json\/wp\/v2\/users\/1"}],"replies":[{"embeddable":true,"href":"https:\/\/domoscurinanco.cl\/index.php\/wp-json\/wp\/v2\/comments?post=1594"}],"version-history":[{"count":7,"href":"https:\/\/domoscurinanco.cl\/index.php\/wp-json\/wp\/v2\/pages\/1594\/revisions"}],"predecessor-version":[{"id":2413,"href":"https:\/\/domoscurinanco.cl\/index.php\/wp-json\/wp\/v2\/pages\/1594\/revisions\/2413"}],"wp:attachment":[{"href":"https:\/\/domoscurinanco.cl\/index.php\/wp-json\/wp\/v2\/media?parent=1594"}],"curies":[{"name":"wp","href":"https:\/\/api.w.org\/{rel}","templated":true}]}}